{"id":35,"date":"2007-08-09T21:48:54","date_gmt":"2007-08-09T20:48:54","guid":{"rendered":"http:\/\/anim.espacedoc.net\/?page_id=43"},"modified":"2021-10-04T17:09:19","modified_gmt":"2021-10-04T15:09:19","slug":"contact-2","status":"publish","type":"page","link":"https:\/\/www.animer.ch\/?page_id=35","title":{"rendered":"Contact"},"content":{"rendered":"<p>[et_pb_section fb_built=\u00a0\u00bb1&Prime; _builder_version=\u00a0\u00bb4.3.2&Prime;][et_pb_row _builder_version=\u00a0\u00bb4.3.2&Prime; custom_margin=\u00a0\u00bb-45px||||false|false\u00a0\u00bb][et_pb_column type=\u00a0\u00bb4_4&Prime; _builder_version=\u00a0\u00bb4.3.2&Prime;][et_pb_image src=\u00a0\u00bbhttp:\/\/www.animer.ch\/wp-content\/uploads\/contact-500-titre.jpg\u00a0\u00bb _builder_version=\u00a0\u00bb4.3.2&Prime;][\/et_pb_image][\/et_pb_column][\/et_pb_row][et_pb_row column_structure=\u00a0\u00bb1_2,1_2&Prime; _builder_version=\u00a0\u00bb4.3.2&Prime;][et_pb_column type=\u00a0\u00bb1_2&Prime; _builder_version=\u00a0\u00bb4.3.2&Prime;][et_pb_text _builder_version=\u00a0\u00bb4.3.2&Prime; text_font_size=\u00a0\u00bb15px\u00a0\u00bb text_line_height=\u00a0\u00bb1.4em\u00a0\u00bb hover_enabled=\u00a0\u00bb0&Prime;]<\/p>\n<p>&nbsp;<\/p>\n<p>Vous souhaitez \u00eatre tenu-e au courant des nouvelles pages publi\u00e9es ?<\/p>\n<p>Vous avez des remarques g\u00e9n\u00e9rales \u00e0 formuler ?<\/p>\n<p>Des liens \u00e0 partager ?<\/p>\n<p>Des suggestions ?<\/p>\n<p><span style=\"color: #ffffff;\">.<\/span><\/p>\n<p>Merci d\u2019adresser <strong><a href=\"mailto:%74%68%69%65%62%61%75%64%40%66%6F%72%6D%61%63%74%69%6F%6E%2E%63%68\" target=\"_blank\" rel=\"noopener noreferrer\">un courriel\u00a0<\/a><\/strong><br \/><span style=\"color: #ffffff;\">.<\/span><br \/>ou un message via le formulaire de cette page.<\/p>\n<p>&nbsp;<\/p>\n<p>&nbsp;<\/p>\n<p>[\/et_pb_text][et_pb_slider show_content_on_mobile=\u00a0\u00bboff\u00a0\u00bb show_image_video_mobile=\u00a0\u00bbon\u00a0\u00bb _builder_version=\u00a0\u00bb4.3.2&Prime; header_text_color=\u00a0\u00bb#000000&Prime; body_text_color=\u00a0\u00bb#000000&Prime; background_color=\u00a0\u00bb#ffffff\u00a0\u00bb text_orientation=\u00a0\u00bbleft\u00a0\u00bb custom_margin=\u00a0\u00bb-14px||||false|false\u00a0\u00bb custom_padding=\u00a0\u00bb14px||||false|false\u00a0\u00bb link_option_url=\u00a0\u00bbhttps:\/\/www.formaction.ch\/a-propos-2\/\u00a0\u00bb box_shadow_style_image=\u00a0\u00bbpreset2&Prime;][et_pb_slide heading=\u00a0\u00bbInfos sur l&rsquo;auteur du site\u00a0\u00bb button_link=\u00a0\u00bbhttps:\/\/www.formaction.ch\/a-propos-2\/\u00a0\u00bb image=\u00a0\u00bbhttp:\/\/www.animer.ch\/wp-content\/uploads\/images-20-.jpg\u00a0\u00bb _builder_version=\u00a0\u00bb4.3.2&Prime; text_orientation=\u00a0\u00bbcenter\u00a0\u00bb][\/et_pb_slide][\/et_pb_slider][\/et_pb_column][et_pb_column type=\u00a0\u00bb1_2&Prime; _builder_version=\u00a0\u00bb4.3.2&Prime;][et_pb_text _builder_version=\u00a0\u00bb4.3.2&Prime; custom_margin=\u00a0\u00bb-25px||||false|false\u00a0\u00bb]<\/p>\n<style>.lepopup-progress-14 div.lepopup-progress-t1>div{background-color:#e0e0e0;}.lepopup-progress-14 div.lepopup-progress-t1>div>div{background-color:#bd4070;}.lepopup-progress-14 div.lepopup-progress-t1>div>div{color:#ffffff;}.lepopup-progress-14 div.lepopup-progress-t1>label{color:#444444;}.lepopup-form-14, .lepopup-form-14 *, .lepopup-progress-14 {font-size:14px;color:rgba(225, 234, 242, 1);font-style:normal;text-decoration:none;text-align:left;}.lepopup-form-14 .lepopup-element div.lepopup-input div.lepopup-signature-box span i{font-family:'Arial','arial';font-size:14px;color:rgba(48, 135, 186, 1);font-style:normal;text-decoration:none;text-align:left;}.lepopup-form-14 .lepopup-element div.lepopup-input div.lepopup-signature-box,.lepopup-form-14 .lepopup-element div.lepopup-input div.lepopup-multiselect,.lepopup-form-14 .lepopup-element div.lepopup-input input[type='text'],.lepopup-form-14 .lepopup-element div.lepopup-input input[type='email'],.lepopup-form-14 .lepopup-element div.lepopup-input input[type='password'],.lepopup-form-14 .lepopup-element div.lepopup-input select,.lepopup-form-14 .lepopup-element div.lepopup-input select option,.lepopup-form-14 .lepopup-element div.lepopup-input textarea{font-family:'Arial','arial';font-size:14px;color:rgba(48, 135, 186, 1);font-style:normal;text-decoration:none;text-align:left;background-color:rgba(255, 255, 255, 1);background-image:none;border-width:0px;border-style:solid;border-color:transparent;border-radius:0px;box-shadow:none;}.lepopup-form-14 .lepopup-element div.lepopup-input ::placeholder{color:rgba(48, 135, 186, 1); opacity: 0.9;} .lepopup-form-14 .lepopup-element div.lepopup-input ::-ms-input-placeholder{color:rgba(48, 135, 186, 1); opacity: 0.9;}.lepopup-form-14 .lepopup-element div.lepopup-input div.lepopup-multiselect::-webkit-scrollbar-thumb{background-color:;}.lepopup-form-14 .lepopup-element div.lepopup-input>i.lepopup-icon-left, .lepopup-form-14 .lepopup-element div.lepopup-input>i.lepopup-icon-right{font-size:20px;color:#444444;border-radius:0px;}.lepopup-form-14 .lepopup-element .lepopup-button,.lepopup-form-14 .lepopup-element .lepopup-button:visited{font-family:'Arial','arial';font-size:16px;color:#ffffff;font-weight:700;font-style:normal;text-decoration:none;text-align:center;background-color:rgba(173, 173, 173, 0.8);background-image:none;border-width:1px;border-style:solid;border-color:rgba(48, 135, 186, 1);border-radius:0px;box-shadow:none;}.lepopup-form-14 .lepopup-element .lepopup-button:hover,.lepopup-form-14 .lepopup-element .lepopup-button:focus{font-family:'Arial','arial';font-size:19px;color:rgba(211, 230, 235, 1);font-weight:700;font-style:normal;text-decoration:none;text-align:center;background-color:rgba(48, 135, 186, 1);background-image:none;border-width:1px;border-style:solid;border-color:rgba(48, 135, 186, 1);border-radius:0px;box-shadow:none;}.lepopup-form-14 .lepopup-element .lepopup-button:active{font-family:'Arial','arial';font-size:19px;color:rgba(211, 230, 235, 1);font-weight:700;font-style:normal;text-decoration:none;text-align:center;background-color:rgba(48, 135, 186, 1);background-image:none;border-width:1px;border-style:solid;border-color:rgba(48, 135, 186, 1);border-radius:0px;box-shadow:none;}.lepopup-form-14 .lepopup-element div.lepopup-input .lepopup-imageselect+label{border-width:1px;border-style:solid;border-color:#cccccc;border-radius:0px;box-shadow:none;}.lepopup-form-14 .lepopup-element div.lepopup-input .lepopup-imageselect+label span.lepopup-imageselect-label{font-size:15px;color:#444444;font-style:normal;text-decoration:none;text-align:left;}.lepopup-form-14 .lepopup-element div.lepopup-input input[type='checkbox'].lepopup-checkbox-tgl:checked+label:after{background-color:rgba(211, 230, 235, 1);}.lepopup-form-14 .lepopup-element div.lepopup-input input[type='checkbox'].lepopup-checkbox-classic+label,.lepopup-form-14 .lepopup-element div.lepopup-input input[type='checkbox'].lepopup-checkbox-fa-check+label,.lepopup-form-14 .lepopup-element div.lepopup-input input[type='checkbox'].lepopup-checkbox-square+label,.lepopup-form-14 .lepopup-element div.lepopup-input input[type='checkbox'].lepopup-checkbox-tgl+label{background-color:rgba(211, 230, 235, 1);border-color:transparent;color:rgba(48, 135, 186, 1);}.lepopup-form-14 .lepopup-element div.lepopup-input input[type='checkbox'].lepopup-checkbox-square:checked+label:after{background-color:rgba(48, 135, 186, 1);}.lepopup-form-14 .lepopup-element div.lepopup-input input[type='checkbox'].lepopup-checkbox-tgl:checked+label,.lepopup-form-14 .lepopup-element div.lepopup-input input[type='checkbox'].lepopup-checkbox-tgl+label:after{background-color:rgba(48, 135, 186, 1);}.lepopup-form-14 .lepopup-element div.lepopup-input input[type='radio'].lepopup-radio-classic+label,.lepopup-form-14 .lepopup-element div.lepopup-input input[type='radio'].lepopup-radio-fa-check+label,.lepopup-form-14 .lepopup-element div.lepopup-input input[type='radio'].lepopup-radio-dot+label{background-color:rgba(211, 230, 235, 1);border-color:transparent;color:rgba(48, 135, 186, 1);}.lepopup-form-14 .lepopup-element div.lepopup-input input[type='radio'].lepopup-radio-dot:checked+label:after{background-color:rgba(48, 135, 186, 1);}.lepopup-form-14 .lepopup-element div.lepopup-input div.lepopup-multiselect>input[type='checkbox']+label:hover{background-color:#bd4070;color:#ffffff;}.lepopup-form-14 .lepopup-element div.lepopup-input div.lepopup-multiselect>input[type='checkbox']:checked+label{background-color:#a93a65;color:#ffffff;}.lepopup-form-14 .lepopup-element input[type='checkbox'].lepopup-tile+label, .lepopup-form-14 .lepopup-element input[type='radio'].lepopup-tile+label {font-size:15px;color:#444444;font-style:normal;text-decoration:none;text-align:center;background-color:#ffffff;background-image:none;border-width:1px;border-style:solid;border-color:#cccccc;border-radius:0px;box-shadow:none;}.lepopup-form-14 .lepopup-element-error{font-size:15px;color:#ffffff;font-style:normal;text-decoration:none;text-align:left;background-color:rgba(13, 12, 12, 1);background-image:none;}.lepopup-form-14 .lepopup-element-2 {background-color:rgba(72, 140, 242, 1);background-image:url('https:\/\/www.animer.ch\/wp-content\/uploads\/main-bg-animer-1280-356.jpg');background-size:cover;background-repeat:repeat;background-position: left top;border-width:1px;border-style:none;border-color:transparent;border-radius:0px;box-shadow:none;}.lepopup-form-14 .lepopup-element-2{box-shadow: rgba(0,0,0,0.5) 3px 3px 3px; border-radius: 2px;}.lepopup-form-14 .lepopup-element-11 div.lepopup-input .lepopup-icon-left, .lepopup-form-14 .lepopup-element-11 div.lepopup-input .lepopup-icon-right {line-height:40px;}.lepopup-form-14 .lepopup-element-6 div.lepopup-input .lepopup-icon-left, .lepopup-form-14 .lepopup-element-6 div.lepopup-input .lepopup-icon-right {line-height:39px;}.lepopup-form-14 .lepopup-element-7 .lepopup-button, .lepopup-form-14 .lepopup-element-7 .lepopup-button:visited{background-color:rgba(211, 230, 235, 1);border-color:rgba(211, 230, 235, 1);color:rgba(48, 135, 186, 1);}.lepopup-form-14 .lepopup-element-7 a.lepopup-button{box-shadow: -4px 0px 0px rgba(0, 0, 0, 0.1) inset;}.lepopup-form-14 .lepopup-element-7 a.lepopup-button:hover{box-shadow: 4px 0px 0px rgba(0, 0, 0, 0.1) inset;}.lepopup-form-14 .lepopup-element-8 * {font-family:'Arial','arial';font-size:13px;color:rgba(211, 230, 235, 1);font-style:normal;text-decoration:none;text-align:center;}.lepopup-form-14 .lepopup-element-8 {font-family:'Arial','arial';font-size:13px;color:rgba(211, 230, 235, 1);font-style:normal;text-decoration:none;text-align:center;background-color:transparent;background-image:none;border-width:1px;border-style:none;border-color:transparent;border-radius:0px;box-shadow:none;padding-top:0px;padding-right:0px;padding-bottom:0px;padding-left:0px;}.lepopup-form-14 .lepopup-element-8 .lepopup-element-html-content {min-height:35px;}.lepopup-form-14 .lepopup-element-13 div.lepopup-input .lepopup-icon-left, .lepopup-form-14 .lepopup-element-13 div.lepopup-input .lepopup-icon-right {line-height:260px;}.lepopup-form-14 .lepopup-element-19 div.lepopup-input{height:auto;line-height:1;}.lepopup-form-14 .lepopup-element-0 * {font-size:15px;color:#ffffff;font-style:normal;text-decoration:none;text-align:left;}.lepopup-form-14 .lepopup-element-0 {font-size:15px;color:#ffffff;font-style:normal;text-decoration:none;text-align:left;background-color:rgba(72, 140, 242, 1);background-image:url('https:\/\/www.animer.ch\/wp-content\/uploads\/main-bg-animer-1280-356.jpg');background-size:auto;background-repeat:repeat;background-position: left top;border-width:0px;border-style:solid;border-color:#cccccc;border-radius:5px;box-shadow: 1px 1px 15px -6px #000000;padding-top:40px;padding-right:40px;padding-bottom:40px;padding-left:40px;}.lepopup-form-14 .lepopup-element-0 .lepopup-element-html-content {min-height:180px;}<\/style><div class=\"lepopup-inline\" style=\"margin: 0 auto;\"><div class=\"lepopup-form lepopup-form-14 lepopup-form-1Nv92CbtnvQSUtjk lepopup-form-icon-inside lepopup-form-position-middle-center\" data-session=\"0\" data-id=\"1Nv92CbtnvQSUtjk\" data-form-id=\"14\" data-slug=\"contact-formulaire-animer\" data-title=\"contact-formulaire\" data-page=\"1\" data-xd=\"on\" data-width=\"410\" data-height=\"626\" data-position=\"middle-center\" data-esc=\"on\" data-enter=\"on\" data-disable-scrollbar=\"off\" style=\"display:none;width:410px;height:626px;\" onclick=\"event.stopPropagation();\"><div class=\"lepopup-form-inner\" style=\"width:410px;height:626px;\"><div class='lepopup-element lepopup-element-2 lepopup-element-rectangle' data-type='rectangle' data-top='15' data-left='0' data-animation-in='fadeIn' data-animation-out='fadeOut' style='animation-duration:1000ms;animation-delay:0ms;z-index:500;top:15px;left:0px;width:400px;height:600px;'><\/div><div class='lepopup-element lepopup-element-11' data-type='text' data-deps='' data-id='11' data-top='45' data-left='30' data-animation-in='fadeIn' data-animation-out='fadeOut' style='animation-duration:1000ms;animation-delay:0ms;z-index:501;top:45px;left:30px;width:335px;height:40px;'><div class='lepopup-input'><input type='text' name='lepopup-11' class='lepopup-ta-left ' placeholder='* Votre nom et pr\u00e9nom...' autocomplete='off' data-default='' value='' aria-label='Text nom' oninput='lepopup_input_changed(this);' onfocus='lepopup_input_error_hide(this);' \/><\/div><\/div><div class='lepopup-element lepopup-element-6' data-type='email' data-deps='' data-id='6' data-top='110' data-left='30' data-animation-in='zoomIn' data-animation-out='fadeOut' style='animation-duration:800ms;animation-delay:200ms;z-index:502;top:110px;left:30px;width:335px;height:39px;'><div class='lepopup-input'><input type='email' name='lepopup-6' class='lepopup-ta-left ' placeholder='* Votre Email...' autocomplete='email' data-default='' value='' aria-label='&quot;E-mail&quot; input field' oninput='lepopup_input_changed(this);' onfocus='lepopup_input_error_hide(this);' \/><\/div><\/div><div class='lepopup-element lepopup-element-7' data-type='button' data-top='545' data-left='225' data-animation-in='zoomIn' data-animation-out='fadeOut' style='animation-duration:800ms;animation-delay:300ms;z-index:503;top:545px;left:225px;width:145px;height:39px;'><a class='lepopup-button lepopup-button-zoom-out ' href='#' onclick='return lepopup_submit(this);' data-label='ENVOYER' data-loading='Envoi...'><span>ENVOYER<\/span><\/a><\/div><div class='lepopup-element lepopup-element-8 lepopup-element-html' data-type='html' data-top='547' data-left='30' data-animation-in='fadeIn' data-animation-out='fadeOut' style='animation-duration:1000ms;animation-delay:700ms;z-index:504;top:547px;left:30px;width:165px;height:35px;'><div class='lepopup-element-html-content'>Nous vous garantissons toute confidentialit\u00e9 !<\/div><\/div><div class='lepopup-element lepopup-element-13' data-type='textarea' data-deps='' data-id='13' data-top='178' data-left='30' data-animation-in='fadeIn' data-animation-out='fadeOut' style='animation-duration:1000ms;animation-delay:0ms;z-index:507;top:178px;left:30px;width:335px;height:260px;'><div class='lepopup-input'><textarea name='lepopup-13' class='lepopup-ta-left ' placeholder='Votre message...' aria-label='Textarea attentes' data-default='' oninput='lepopup_input_changed(this);' onfocus='lepopup_input_error_hide(this);'><\/textarea><\/div><\/div><div class='lepopup-element lepopup-element-19' data-type='checkbox' data-deps='' data-id='19' data-top='465' data-left='45' data-animation-in='fadeIn' data-animation-out='fadeOut' style='animation-duration:1000ms;animation-delay:0ms;z-index:519;top:465px;left:45px;width:305px;'><div class='lepopup-input lepopup-cr-layout-1 lepopup-cr-layout-center'><div class='lepopup-cr-container lepopup-cr-container-medium lepopup-cr-container-right'><div class='lepopup-cr-label lepopup-ta-center'><label for='lepopup-checkbox-APhOSwdAvxjPsTAv-7-0' onclick='lepopup_input_error_hide(this);'>Je souhaite recevoir des informations sur les nouveaut\u00e9s  (une \u00e0 deux fois par an)<\/label><\/div><div class='lepopup-cr-box'><input class='lepopup-checkbox lepopup-checkbox-fa-check lepopup-checkbox-medium' type='checkbox' name='lepopup-19[]' id='lepopup-checkbox-APhOSwdAvxjPsTAv-7-0' value='Oui' data-default='off' onchange='lepopup_input_changed(this);' \/><label for='lepopup-checkbox-APhOSwdAvxjPsTAv-7-0' onclick='lepopup_input_error_hide(this);'><\/label><\/div><\/div><\/div><\/div><\/div><\/div><div class=\"lepopup-form lepopup-form-14 lepopup-form-1Nv92CbtnvQSUtjk lepopup-form-icon-inside lepopup-form-position-middle-center\" data-session=\"0\" data-id=\"1Nv92CbtnvQSUtjk\" data-form-id=\"14\" data-slug=\"contact-formulaire-animer\" data-title=\"contact-formulaire\" data-page=\"confirmation\" data-xd=\"on\" data-width=\"420\" data-height=\"230\" data-position=\"middle-center\" data-esc=\"on\" data-enter=\"on\" data-disable-scrollbar=\"off\" style=\"display:none;width:420px;height:230px;\" onclick=\"event.stopPropagation();\"><div class=\"lepopup-form-inner\" style=\"width:420px;height:230px;\"><div class='lepopup-element lepopup-element-0 lepopup-element-html' data-type='html' data-top='20' data-left='55' data-animation-in='bounceInDown' data-animation-out='fadeOutUp' style='animation-duration:1000ms;animation-delay:0ms;z-index:500;top:20px;left:55px;width:320px;height:180px;'><div class='lepopup-element-html-content'><h4 style=\"text-align: center; font-size: 18px; font-weight: bold;\">Merci de votre message !<\/h4>\n\u00a0<h4 style=\"text-align: center; font-size: 18px; font-weight: bold;\">A bient\u00f4t<\/h4><\/div><\/div><\/div><\/div><input type=\"hidden\" id=\"lepopup-logic-1Nv92CbtnvQSUtjk\" value=\"[]\" \/><\/div>\n<p>[\/et_pb_text][\/et_pb_column][\/et_pb_row][et_pb_row column_structure=\u00a0\u00bb1_3,1_3,1_3&Prime; _builder_version=\u00a0\u00bb4.3.2&Prime;][et_pb_column type=\u00a0\u00bb1_3&Prime; _builder_version=\u00a0\u00bb4.3.2&Prime;][\/et_pb_column][et_pb_column type=\u00a0\u00bb1_3&Prime; _builder_version=\u00a0\u00bb4.3.2&Prime;][\/et_pb_column][et_pb_column type=\u00a0\u00bb1_3&Prime; _builder_version=\u00a0\u00bb4.3.2&Prime;][\/et_pb_column][\/et_pb_row][\/et_pb_section]<\/p>\n","protected":false},"excerpt":{"rendered":"<p>[et_pb_section fb_built=\u00a0\u00bb1&Prime; _builder_version=\u00a0\u00bb4.3.2&Prime;][et_pb_row _builder_version=\u00a0\u00bb4.3.2&Prime; custom_margin=\u00a0\u00bb-45px||||false|false\u00a0\u00bb][et_pb_column type=\u00a0\u00bb4_4&Prime; _builder_version=\u00a0\u00bb4.3.2&Prime;][et_pb_image src=\u00a0\u00bbhttp:\/\/www.animer.ch\/wp-content\/uploads\/contact-500-titre.jpg\u00a0\u00bb _builder_version=\u00a0\u00bb4.3.2&Prime;][\/et_pb_image][\/et_pb_column][\/et_pb_row][et_pb_row column_structure=\u00a0\u00bb1_2,1_2&Prime; _builder_version=\u00a0\u00bb4.3.2&Prime;][et_pb_column type=\u00a0\u00bb1_2&Prime; _builder_version=\u00a0\u00bb4.3.2&Prime;][et_pb_text _builder_version=\u00a0\u00bb4.3.2&Prime; text_font_size=\u00a0\u00bb15px\u00a0\u00bb text_line_height=\u00a0\u00bb1.4em\u00a0\u00bb hover_enabled=\u00a0\u00bb0&Prime;] &nbsp; Vous souhaitez \u00eatre tenu-e au courant des nouvelles pages publi\u00e9es ? Vous avez des remarques g\u00e9n\u00e9rales \u00e0 formuler ? Des liens \u00e0 partager ? Des suggestions ? . Merci d\u2019adresser un courriel\u00a0.ou un message via le formulaire [&hellip;]<\/p>\n","protected":false},"author":1,"featured_media":0,"parent":0,"menu_order":0,"comment_status":"open","ping_status":"open","template":"","meta":{"_et_pb_use_builder":"on","_et_pb_old_content":"<p>.<\/p><p>Vous souhaitez \u00eatre tenu-e au courant des nouvelles pages publi\u00e9es ?<\/p><p>Vous avez des remarques g\u00e9n\u00e9rales \u00e0 formuler ?<\/p><p>Des liens \u00e0 partager ?<\/p><p>Des suggestions ?<\/p><p>.<\/p><p>Merci d'adresser<\/p><p><a href=\"mailto:%74%68%69%65%62%61%75%64%40%66%6F%72%6D%61%63%74%69%6F%6E%2E%63%68\" target=\"_blank\" rel=\"noopener\">un E-mail \u00e0 Marc Thi\u00e9baud<\/a>.<\/p><p>.<\/p><p>Je vous garantis toute confidentialit\u00e9.<\/p><p>.<\/p>","_et_gb_content_width":"","jetpack_post_was_ever_published":false,"footnotes":""},"class_list":["post-35","page","type-page","status-publish","hentry"],"jetpack_sharing_enabled":true,"_links":{"self":[{"href":"https:\/\/www.animer.ch\/index.php?rest_route=\/wp\/v2\/pages\/35","targetHints":{"allow":["GET"]}}],"collection":[{"href":"https:\/\/www.animer.ch\/index.php?rest_route=\/wp\/v2\/pages"}],"about":[{"href":"https:\/\/www.animer.ch\/index.php?rest_route=\/wp\/v2\/types\/page"}],"author":[{"embeddable":true,"href":"https:\/\/www.animer.ch\/index.php?rest_route=\/wp\/v2\/users\/1"}],"replies":[{"embeddable":true,"href":"https:\/\/www.animer.ch\/index.php?rest_route=%2Fwp%2Fv2%2Fcomments&post=35"}],"version-history":[{"count":28,"href":"https:\/\/www.animer.ch\/index.php?rest_route=\/wp\/v2\/pages\/35\/revisions"}],"predecessor-version":[{"id":2059,"href":"https:\/\/www.animer.ch\/index.php?rest_route=\/wp\/v2\/pages\/35\/revisions\/2059"}],"wp:attachment":[{"href":"https:\/\/www.animer.ch\/index.php?rest_route=%2Fwp%2Fv2%2Fmedia&parent=35"}],"curies":[{"name":"wp","href":"https:\/\/api.w.org\/{rel}","templated":true}]}}